{"id":21517,"date":"2022-06-06T09:33:23","date_gmt":"2022-06-06T07:33:23","guid":{"rendered":"http:\/\/blueowlcreative.com\/wp\/fortuna_export\/?page_id=21517"},"modified":"2025-12-02T15:07:22","modified_gmt":"2025-12-02T14:07:22","slug":"ueber-uns","status":"publish","type":"page","link":"https:\/\/www.cardcompany.at\/hallo\/ueber-uns\/","title":{"rendered":"\u00dcber uns"},"content":{"rendered":"<p>[vc_row full_width=&#8220;stretch_row&#8220; full_height=&#8220;yes&#8220; bg_type=&#8220;image&#8220; parallax_style=&#8220;vcpb-vz-jquery&#8220; bg_image_new=&#8220;24291&#8243; bg_image_repeat=&#8220;no-repeat&#8220; parallax_sense=&#8220;50&#8243; disable_on_mobile_img_parallax=&#8220;off&#8220; parallax_content=&#8220;parallax_content_value&#8220; parallax_content_sense=&#8220;70&#8243; fadeout_row=&#8220;fadeout_row_value&#8220; fadeout_start_effect=&#8220;50&#8243; enable_overlay=&#8220;off&#8220; seperator_enable=&#8220;seperator_enable_value&#8220; seperator_type=&#8220;triangle_svg_seperator&#8220; seperator_position=&#8220;bottom_seperator&#8220; seperator_svg_height=&#8220;12&#8243; seperator_shape_background=&#8220;#08ada7&#8243; css=&#8220;.vc_custom_1655979120279{margin-bottom: 0px !important;padding-top: 250px !important;padding-bottom: 160px !important;}&#8220;][vc_column]<div class=\"boc_spacing \" style=\"height: 20\"><\/div>[\/vc_column][\/vc_row][vc_row][vc_column width=&#8220;2\/3&#8243; css=&#8220;.vc_custom_1427359774041{padding-top: 40px !important;padding-right: 30px !important;padding-bottom: 40px !important;}&#8220;]<h3 class=\"boc_heading  al_left  bgr_single  \"  style=\"margin-bottom: 40px;margin-top: 0px;color: #333333;\"><span>\u00dcber <strong>Cardcompany<\/strong> Andreas Auer GmbH<\/span><\/h3>[vc_row_inner][vc_column_inner el_class=&#8220;no_side_padding_in_responsive_column&#8220; width=&#8220;1\/2&#8243; css=&#8220;.vc_custom_1427359472276{padding-right: 30px !important;}&#8220;][vc_column_text]Das Unternehmen Card Company wurde 2009 von Andreas Auer gegr\u00fcndet.<\/p>\n<p>Durch jahrzehntelange Erfahrung haben wir den Bedarf an einem Fachgro\u00dfh\u00e4ndler f\u00fcr Gl\u00fcckwunschkarten und Geschenkverpackungen in der \u00f6sterreichischen PBS Branche erkannt.[\/vc_column_text][\/vc_column_inner][vc_column_inner el_class=&#8220;no_side_padding_in_responsive_column&#8220; width=&#8220;1\/2&#8243; css=&#8220;.vc_custom_1427360397072{padding-right: 50px !important;padding-left: 30px !important;}&#8220;][vc_column_text]\u00dcber die Jahre haben wir auch im Export zugelegt und z\u00e4hlen damit in Mitteleuropa zu den f\u00fchrenden Anbietern in diesem Segment.[\/vc_column_text][\/vc_column_inner][\/vc_row_inner][\/vc_column][vc_column width=&#8220;1\/3&#8243; css=&#8220;.vc_custom_1427358386721{padding-top: 40px !important;padding-bottom: 40px !important;}&#8220;]<h3 class=\"boc_heading  al_left  bgr_single  \"  style=\"margin-bottom: 40px;margin-top: 0px;color: #333333;\"><span>Unser <strong>Sortiment<\/strong><\/span><\/h3>\r\n\t\t\t\t<div class=\"info_block\">\r\n\t\t\t\t\t<div class=\"portfolio_carousel_holder  owl_side_arrows \">\r\n\t\t\t\t\t\t<div id=\"portfolio_carousel_5166\" style=\"opacity:0;\">\t<div class=\"info_item  boc_owl_lazy\">\r\n\t\t\t\t\t\t\t\t\t\t<a href=\"https:\/\/www.cardcompany.at\/hallo\/portfolio_item\/glueckwunschkarten\/\" class=\"pic_info_link_type2\">\r\n\t\t\t\t\t\t\t\t\t\t\t<div class=\"pic_info type2\">\r\n\t\t\t\t\t\t\t\t\t\t\t\t<div class=\"pic \"><div class=\"plus_overlay\"><\/div><div class=\"plus_overlay_icon\"><\/div><img loading=\"lazy\" decoding=\"async\" width=\"600\" height=\"380\" src=\"https:\/\/www.cardcompany.at\/hallo\/wp-content\/uploads\/2022\/06\/Cardcompany_Glueckwunschkarten_Oesterreich-600x380.jpg\" class=\"attachment-boc_medium size-boc_medium wp-post-image\" alt=\"\" \/><div class=\"img_overlay_icon\"><span class=\"portfolio_icon icon_camera\"><\/span><\/div><\/div>\r\n\t\t\t\t\t\t\t\t\t\t\t\t<div class=\"info_overlay\">\r\n\t\t\t\t\t\t\t\t\t\t\t\t\t<div class=\"info_overlay_padding\">\r\n\t\t\t\t\t\t\t\t\t\t\t\t\t\t<div class=\"info_desc\">\r\n\t\t\t\t\t\t\t\t\t\t\t\t\t\t\t<span class=\"portfolio_icon icon_camera\"><\/span>\r\n\t\t\t\t\t\t\t\t\t\t\t\t\t\t\t<h3>Gl\u00fcckwunschkarten<\/h3>\r\n\t\t\t\t\t\t\t\t\t\t\t\t\t\t\t<p>Gl\u00fcckwunschkarten<\/p>\r\n\t\t\t\t\t\t\t\t\t\t\t\t\t\t<\/div>\r\n\t\t\t\t\t\t\t\t\t\t\t\t\t<\/div>\r\n\t\t\t\t\t\t\t\t\t\t\t\t<\/div>\r\n\t\t\t\t\t\t\t\t\t\t\t<\/div>\r\n\t\t\t\t\t\t\t\t\t\t<\/a>\r\n\t\t\t\t\t\t\t\t\t<\/div>\r\n\t\t\t\t\t\t\t\t\t<div class=\"info_item  boc_owl_lazy\">\r\n\t\t\t\t\t\t\t\t\t\t<a href=\"https:\/\/www.cardcompany.at\/hallo\/portfolio_item\/geschenkverpackung\/\" class=\"pic_info_link_type2\">\r\n\t\t\t\t\t\t\t\t\t\t\t<div class=\"pic_info type2\">\r\n\t\t\t\t\t\t\t\t\t\t\t\t<div class=\"pic \"><div class=\"plus_overlay\"><\/div><div class=\"plus_overlay_icon\"><\/div><img loading=\"lazy\" decoding=\"async\" width=\"600\" height=\"380\" src=\"https:\/\/www.cardcompany.at\/hallo\/wp-content\/uploads\/2022\/06\/Cardcompany_Geschenkverpackung_Oesterreich-600x380.jpg\" class=\"attachment-boc_medium size-boc_medium wp-post-image\" alt=\"\" \/><div class=\"img_overlay_icon\"><span class=\"portfolio_icon icon_camera\"><\/span><\/div><\/div>\r\n\t\t\t\t\t\t\t\t\t\t\t\t<div class=\"info_overlay\">\r\n\t\t\t\t\t\t\t\t\t\t\t\t\t<div class=\"info_overlay_padding\">\r\n\t\t\t\t\t\t\t\t\t\t\t\t\t\t<div class=\"info_desc\">\r\n\t\t\t\t\t\t\t\t\t\t\t\t\t\t\t<span class=\"portfolio_icon icon_camera\"><\/span>\r\n\t\t\t\t\t\t\t\t\t\t\t\t\t\t\t<h3>Geschenkverpackung<\/h3>\r\n\t\t\t\t\t\t\t\t\t\t\t\t\t\t\t<p>Geschenkverpackung<\/p>\r\n\t\t\t\t\t\t\t\t\t\t\t\t\t\t<\/div>\r\n\t\t\t\t\t\t\t\t\t\t\t\t\t<\/div>\r\n\t\t\t\t\t\t\t\t\t\t\t\t<\/div>\r\n\t\t\t\t\t\t\t\t\t\t\t<\/div>\r\n\t\t\t\t\t\t\t\t\t\t<\/a>\r\n\t\t\t\t\t\t\t\t\t<\/div>\r\n\t\t\t\t\t\t\t\t\t<div class=\"info_item  boc_owl_lazy\">\r\n\t\t\t\t\t\t\t\t\t\t<a href=\"https:\/\/www.cardcompany.at\/hallo\/portfolio_item\/roessler\/\" class=\"pic_info_link_type2\">\r\n\t\t\t\t\t\t\t\t\t\t\t<div class=\"pic_info type2\">\r\n\t\t\t\t\t\t\t\t\t\t\t\t<div class=\"pic \"><div class=\"plus_overlay\"><\/div><div class=\"plus_overlay_icon\"><\/div><img loading=\"lazy\" decoding=\"async\" width=\"600\" height=\"380\" src=\"https:\/\/www.cardcompany.at\/hallo\/wp-content\/uploads\/2022\/06\/Roessler_Cardcompany_04-600x380.jpg\" class=\"attachment-boc_medium size-boc_medium wp-post-image\" alt=\"\" \/><div class=\"img_overlay_icon\"><span class=\"portfolio_icon icon_camera\"><\/span><\/div><\/div>\r\n\t\t\t\t\t\t\t\t\t\t\t\t<div class=\"info_overlay\">\r\n\t\t\t\t\t\t\t\t\t\t\t\t\t<div class=\"info_overlay_padding\">\r\n\t\t\t\t\t\t\t\t\t\t\t\t\t\t<div class=\"info_desc\">\r\n\t\t\t\t\t\t\t\t\t\t\t\t\t\t\t<span class=\"portfolio_icon icon_camera\"><\/span>\r\n\t\t\t\t\t\t\t\t\t\t\t\t\t\t\t<h3>R\u00f6ssler<\/h3>\r\n\t\t\t\t\t\t\t\t\t\t\t\t\t\t\t<p>R\u00f6ssler<\/p>\r\n\t\t\t\t\t\t\t\t\t\t\t\t\t\t<\/div>\r\n\t\t\t\t\t\t\t\t\t\t\t\t\t<\/div>\r\n\t\t\t\t\t\t\t\t\t\t\t\t<\/div>\r\n\t\t\t\t\t\t\t\t\t\t\t<\/div>\r\n\t\t\t\t\t\t\t\t\t\t<\/a>\r\n\t\t\t\t\t\t\t\t\t<\/div>\r\n\t\t\t\t\t\t\t\t\r\n\t\t\t\t\t\t<\/div>\r\n\t\t\t\t\t<\/div>\r\n\t\t\t\t<\/div>\r\n\r\n\t\t\t\t<div class=\"h10 clear\"><\/div>\r\n\t\t\t\t\t\t\t\r\n\t\t\t\t\t\t\t<!-- Portfolio Carousel -->\r\n\t\t\t\t\t\t\t<script type=\"text\/javascript\">\r\n\t\t\t\t\t\t\t\t\t\t\r\n\t\t\t\t\t\t\t\tjQuery(document).ready(function($) {\t\t\t\r\n\r\n\t\t\t\t\t\t\t\t\t\/\/ Load carousel after its images are loaded\r\n\t\t\t\t\t\t\t\t\tpreloadImages($(\"#portfolio_carousel_5166 img\"), function () {\r\n\t\t\t\t\t\t\t\t\t\r\n\t\t\t\t\t\t\t\t\t\tvar carousel = $(\"#portfolio_carousel_5166\");\r\n\t\t\t\t\t\t\t\t\t\t\r\n\t\t\t\t\t\t\t\t\t\tvar args = {\r\n\t\t\t\t\t\t\t\t\t\t\t\titems: \t\t\t\t1,\r\n\t\t\t\t\t\t\t\t\t\t\t\tautoplay:\t\t\ttrue,\r\n\t\t\t\t\t\t\t\t\t\t\t\tautoplayTimeout:\t6000,\r\n\t\t\t\t\t\t\t\t\t\t\t\tloop: \t\t\t\ttrue,\r\n\t\t\t\t\t\t\t\t\t\t\t\tnav: \t\t\t\ttrue,\r\n\t\t\t\t\t\t\t\t\t\t\t\tdots: \t\t\t\tfalse,\r\n\t\t\t\t\t\t\t\t\t\t\t\tautoHeight: \t\tfalse,\r\n\t\t\t\t\t\t\t\t\t\t\t\tsmartSpeed:\t\t\t250,\r\n\t\t\t\t\t\t\t\t\t\t\t\tnavText:\t\t\t[\"<span class='icon icon-angle-left-circle'><\/span>\",\"<span class='icon icon-angle-right-circle'><\/span>\"],\r\n\t\t\t\t\t\t\t\t\t\t\t\tslideBy: \t\t\t1,\r\n\r\n\t\t\t\t\t\t\t\t\t\t\t\tnavRewind: false,\r\n\t\t\t\t\t\t\t\t\t\t\t\trtl: \t\t\t\tfalse,\r\n\t\t\t\t\t\t\t\t\t\t\t\tmargin:30,\r\n\t\t\t\t\t\t\t\t\t\t\t\tresponsive:{\r\n\t\t\t\t\t\t\t\t\t\t\t\t\t0:{\r\n\t\t\t\t\t\t\t\t\t\t\t\t\t  items:1,\r\n\t\t\t\t\t\t\t\t\t\t\t\t\t},\r\n\t\t\t\t\t\t\t\t\t\t\t\t\t480:{\r\n\t\t\t\t\t\t\t\t\t\t\t\t\t  items:1,\r\n\t\t\t\t\t\t\t\t\t\t\t\t\t  margin:20,\r\n\t\t\t\t\t\t\t\t\t\t\t\t\t},\r\n\t\t\t\t\t\t\t\t\t\t\t\t\t769:{\r\n\t\t\t\t\t\t\t\t\t\t\t\t\t  items:1\r\n\t\t\t\t\t\t\t\t\t\t\t\t\t}\r\n\t\t\t\t\t\t\t\t\t\t\t\t},\r\n\t\t\t\t\t\t\t\t\t\t\t\tonInitialized:  showCarousel_5166\r\n\t\t\t\t\t\t\t\t\t\t}\r\n\t\t\t\t\t\t\t\t\t\t\r\n\t\t\t\t\t\t\t\t\t\tcarousel.owlCarousel(args);\r\n\r\n\t\t\t\t\t\t\t\t\t\tvar initital_width = carousel.css(\"width\");\t\t\r\n\t\t\t\t\t\t\t\t\t\t\r\n\t\t\t\t\t\t\t\t\t\t\/* Refresh it for full width rows *\/\r\n\t\t\t\t\t\t\t\t\t\t$(window).load(function(){\r\n\t\t\t\t\t\t\t\t\t\t\tif(carousel.css(\"width\") != initital_width) {\r\n\t\t\t\t\t\t\t\t\t\t\t\tcarousel.trigger(\"destroy.owl.carousel\").removeClass(\"owl-carousel owl-loaded\");\r\n\t\t\t\t\t\t\t\t\t\t\t\tcarousel.find(\".owl-stage-outer\").children().unwrap();\r\n\t\t\t\t\t\t\t\t\t\t\t\tcarousel.owlCarousel(args);\r\n\t\t\t\t\t\t\t\t\t\t\t}\r\n\t\t\t\t\t\t\t\t\t\t});\r\n\t\t\t\t\t\t\t\t\t});\r\n\t\t\t\t\t\t\t\t\t\r\n\t\t\t\t\t\t\t\t\t\r\n\t\t\t\t\t\t\t\t\t\/* Show after initialized *\/\r\n\t\t\t\t\t\t\t\t\tfunction showCarousel_5166() {\r\n\t\t\t\t\t\t\t\t\t\t$(\"#portfolio_carousel_5166\").fadeTo(0,1);\r\n\t\t\t\t\t\t\t\t\t\t$(\"#portfolio_carousel_5166 .owl-item .boc_owl_lazy\").css(\"opacity\",\"1\");\r\n\t\t\t\t\t\t\t\t\t}\r\n\r\n\t\t\t\t\t\t\t\t});\r\n\t\t\t\t\t\t\t\t\r\n\t\t\t\t\t\t\t<\/script>\r\n\t\t\t\t\t\t\t<!-- Portfolio Carousel :: END -->[\/vc_column][\/vc_row][vc_row full_width=&#8220;stretch_row&#8220; css=&#8220;.vc_custom_1427362271739{border-top-width: 1px !important;border-bottom-width: 1px !important;padding-top: 50px !important;padding-bottom: 40px !important;background-color: #f9f9f9 !important;border-top-color: #eeeeee !important;border-top-style: solid !important;border-bottom-color: #eeeeee !important;border-bottom-style: solid !important;}&#8220;][vc_column]<div class=\"img_carousel_holder  owl_side_arrows\">\t<div class=\"img_carousel mfp_gallery\" id=\"img_carousel_2955\" style=\"opacity:0;\"><div class=\"img_carousel_item boc_owl_lazy\">\t<div class=\"pic  img_hover_effect2\">\r\n\t\t\t\t\t\t\t\t<a href=\"https:\/\/www.roessler.eu\/\" class=\"\"  target=\"_blank\">\r\n\t\t\t\t\t\t\t\t\t<img decoding=\"async\" src=\"https:\/\/www.cardcompany.at\/hallo\/wp-content\/uploads\/2022\/06\/Cardcompany_Partner_Roessler_Papier.png\" alt=\"\" \/>\r\n\t\t\t\t\t\t\t\t<\/a>\r\n\t\t\t\t\t\t\t<\/div>\r\n\t\t\t\t\t\t<\/div><div class=\"img_carousel_item boc_owl_lazy\">\t<div class=\"pic  img_hover_effect2\">\r\n\t\t\t\t\t\t\t\t<a href=\"https:\/\/www.korsch-verlag.de\/\" class=\"\"  target=\"_blank\">\r\n\t\t\t\t\t\t\t\t\t<img decoding=\"async\" src=\"https:\/\/www.cardcompany.at\/hallo\/wp-content\/uploads\/2022\/06\/Cardcompany_Partner_Korsch.png\" alt=\"\" \/>\r\n\t\t\t\t\t\t\t\t<\/a>\r\n\t\t\t\t\t\t\t<\/div>\r\n\t\t\t\t\t\t<\/div><div class=\"img_carousel_item boc_owl_lazy\">\t<div class=\"pic  img_hover_effect2\">\r\n\t\t\t\t\t\t\t\t<a href=\"https:\/\/www.gd-greetings.de\/de\/home\" class=\"\"  target=\"_blank\">\r\n\t\t\t\t\t\t\t\t\t<img decoding=\"async\" src=\"https:\/\/www.cardcompany.at\/hallo\/wp-content\/uploads\/2022\/06\/Cardcompany_Partner_Dominique_Verlag.png\" alt=\"\" \/>\r\n\t\t\t\t\t\t\t\t<\/a>\r\n\t\t\t\t\t\t\t<\/div>\r\n\t\t\t\t\t\t<\/div><div class=\"img_carousel_item boc_owl_lazy\">\t<div class=\"pic  img_hover_effect2\">\r\n\t\t\t\t\t\t\t\t<a href=\"https:\/\/www.goldina.de\/\" class=\"\"  target=\"_blank\">\r\n\t\t\t\t\t\t\t\t\t<img decoding=\"async\" src=\"https:\/\/www.cardcompany.at\/hallo\/wp-content\/uploads\/2022\/06\/Cardcompany_Partner_Goldina.png\" alt=\"\" \/>\r\n\t\t\t\t\t\t\t\t<\/a>\r\n\t\t\t\t\t\t\t<\/div>\r\n\t\t\t\t\t\t<\/div><div class=\"img_carousel_item boc_owl_lazy\">\t<div class=\"pic  img_hover_effect2\">\r\n\t\t\t\t\t\t\t\t<a href=\"https:\/\/www.michelverlag.de\/\" class=\"\"  target=\"_blank\">\r\n\t\t\t\t\t\t\t\t\t<img decoding=\"async\" src=\"https:\/\/www.cardcompany.at\/hallo\/wp-content\/uploads\/2023\/05\/Michel_Verlag_Cardcompany.png\" alt=\"\" \/>\r\n\t\t\t\t\t\t\t\t<\/a>\r\n\t\t\t\t\t\t\t<\/div>\r\n\t\t\t\t\t\t<\/div><\/div>\r\n\t\t\t\t <\/div>\r\n\t\t\t\t\t<!-- Image Slider -->\r\n\t\t\t\t\t<script type=\"text\/javascript\">\r\n\r\n\t\t\t\t\t\tjQuery(document).ready(function($) {\r\n\t\t\t\t\t\t\t\r\n\t\t\t\t\t\t\tvar carousel = jQuery(\"#img_carousel_2955\");\r\n\t\t\t\t\t\t\t\r\n\t\t\t\t\t\t\tvar args = {\r\n\t\t\t\t\t\t\t\t\titems: \t\t\t\t5,\r\n\t\t\t\t\t\t\t\t\tslideBy: \t\t\t3,\t\t\t\t\t\t\r\n\t\t\t\t\t\t\t\t\tautoplay:\t\t\ttrue,\r\n\t\t\t\t\t\t\t\t\tautoplayTimeout:\t6000,\r\n\t\t\t\t\t\t\t\t\tnav: \t\t\t\ttrue,\r\n\t\t\t\t\t\t\t\t\tdots: \t\t\t\tfalse,\r\n\t\t\t\t\t\t\t\t\tloop: \t\t\t\tfalse,\r\n\t\t\t\t\t\t\t\t\tsmartSpeed:\t\t\t500,\r\n\t\t\t\t\t\t\t\t\tnavText:\t\t\t[\"<span class='icon  icon-angle-left-circle'><\/span>\",\"<span class='icon icon-angle-right-circle'><\/span>\"],\r\n\t\t\t\t\t\t\t\t\tnavRewind: \t\t\tfalse,\r\n\t\t\t\t\t\t\t\t\trtl : \t\t\t\tfalse,\r\n\t\t\t\t\t\t\t\t\tmargin: \t\t\t25,\r\n\t\t\t\t\t\t\t\t\tresponsive:{\r\n\t\t\t\t\t\t\t\t\t\t0:{\r\n\t\t\t\t\t\t\t\t\t\t  items:1,\r\n\t\t\t\t\t\t\t\t\t\t},\r\n\t\t\t\t\t\t\t\t\t\t480:{\r\n\t\t\t\t\t\t\t\t\t\t  items:1,\r\n\t\t\t\t\t\t\t\t\t\t  margin:20,\r\n\t\t\t\t\t\t\t\t\t\t},\r\n\t\t\t\t\t\t\t\t\t\t769:{\r\n\t\t\t\t\t\t\t\t\t\t  items:5\r\n\t\t\t\t\t\t\t\t\t\t}\r\n\t\t\t\t\t\t\t\t\t},\r\n\t\t\t\t\t\t\t\t\tonInitialized: showCarousel_2955\r\n\t\t\t\t\t\t\t};\r\n\t\t\t\t\t\t\t\r\n\t\t\t\t\t\t\tcarousel.owlCarousel(args);\r\n\r\n\t\t\t\t\t\t\tvar initital_width = carousel.css(\"width\");\t\t\r\n\t\t\t\t\t\t\t\t\r\n\t\t\t\t\t\t\t\/* Refresh it for full width rows *\/\r\n\t\t\t\t\t\t\t$(window).load(function(){\r\n\t\t\t\t\t\t\t\tif(carousel.css(\"width\") != initital_width) {\r\n\t\t\t\t\t\t\t\t\tcarousel.trigger(\"destroy.owl.carousel\").removeClass(\"owl-carousel owl-loaded\");\r\n\t\t\t\t\t\t\t\t\tcarousel.find(\".owl-stage-outer\").children().unwrap();\r\n\t\t\t\t\t\t\t\t\tcarousel.owlCarousel(args);\r\n\t\t\t\t\t\t\t\t}\r\n\t\t\t\t\t\t\t});\r\n\t\t\t\t\t\t\t\r\n\t\t\t\t\t\t\t\/* Show once loaded *\/\r\n\t\t\t\t\t\t\tfunction showCarousel_2955() {\r\n\t\t\t\t\t\t\t\tcarousel.fadeTo(0,1);\r\n\t\t\t\t\t\t\t\t$(\"#img_carousel_2955 .owl-item .boc_owl_lazy\").css(\"opacity\",\"1\");\r\n\t\t\t\t\t\t\t}\r\n\t\t\t\t\t\t});\r\n\t\t\t\t\t\t\r\n\t\t\t\t\t<\/script>\r\n\t\t\t\t\t<!-- Image Slider :: END -->[\/vc_column][\/vc_row][vc_row full_width=&#8220;stretch_row&#8220; bg_type=&#8220;bg_color&#8220; enable_overlay=&#8220;enable_overlay_value&#8220; el_class=&#8220;white_text&#8220; css=&#8220;.vc_custom_1431865425206{margin-bottom: 0px !important;padding-top: 20px !important;padding-bottom: 24px !important;}&#8220; bg_color_value=&#8220;#08ada7&#8243;][vc_column]<div class=\"text_box  box_no_bgr \"><div class=\"text_box_content with_button\"><h2>Sollten Sie noch mehr Fragen haben, kontaktieren Sie uns einfach!<\/h2>\r\n\t\t\t\t\t<p><\/p>\r\n\t\t\t\t<\/div><div class=\"btn_holder\"><a\thref=\"https:\/\/www.cardcompany.at\/hallo\/kontakt\/\" \r\n\t\t\t\t\tclass=\"button  btn_medium_stretched btn_white btn_rounded btn_outline icon_pos_after \"  target='_self'><span>Kontakt<\/span> <i class='icon icon icon-angle-right2'><\/i> <\/a><\/div><\/div>[\/vc_column][\/vc_row]<\/p>\n","protected":false},"excerpt":{"rendered":"<p>[vc_row full_width=&#8220;stretch_row&#8220; full_height=&#8220;yes&#8220; bg_type=&#8220;image&#8220; parallax_style=&#8220;vcpb-vz-jquery&#8220; bg_image_new=&#8220;24291&#8243; bg_image_repeat=&#8220;no-repeat&#8220; parallax_sense=&#8220;50&#8243; disable_on_mobile_img_parallax=&#8220;off&#8220; parallax_content=&#8220;parallax_content_value&#8220; parallax_content_sense=&#8220;70&#8243; fadeout_row=&#8220;fadeout_row_value&#8220; fadeout_start_effect=&#8220;50&#8243; enable_overlay=&#8220;off&#8220; seperator_enable=&#8220;seperator_enable_value&#8220; seperator_type=&#8220;triangle_svg_seperator&#8220; seperator_position=&#8220;bottom_seperator&#8220; seperator_svg_height=&#8220;12&#8243; seperator_shape_background=&#8220;#08ada7&#8243; css=&#8220;.vc_custom_1655979120279{margin-bottom: 0px !important;padding-top: 250px !important;padding-bottom: 160px !important;}&#8220;][vc_column][\/vc_column][\/vc_row][vc_row][vc_column width=&#8220;2\/3&#8243; css=&#8220;.vc_custom_1427359774041{padding-top: 40px !important;padding-right: 30px !important;padding-bottom: 40px !important;}&#8220;][vc_row_inner][vc_column_inner el_class=&#8220;no_side_padding_in_responsive_column&#8220; width=&#8220;1\/2&#8243; css=&#8220;.vc_custom_1427359472276{padding-right: 30px !important;}&#8220;][vc_column_text]Das Unternehmen Card Company wurde 2009 von Andreas Auer gegr\u00fcndet. Durch jahrzehntelange Erfahrung haben wir den Bedarf an einem Fachgro\u00dfh\u00e4ndler f\u00fcr Gl\u00fcckwunschkarten<\/p>\n<div class=\"h10\"><\/div>\n<p><a class=\"more-link2 flat\" href=\"https:\/\/www.cardcompany.at\/hallo\/portfolio_item\/roessler\/\">Read more<\/a><\/p>\n","protected":false},"author":1,"featured_media":0,"parent":0,"menu_order":0,"comment_status":"open","ping_status":"closed","template":"","meta":{"footnotes":""},"class_list":["post-21517","page","type-page","status-publish","hentry"],"_links":{"self":[{"href":"https:\/\/www.cardcompany.at\/hallo\/wp-json\/wp\/v2\/pages\/21517","targetHints":{"allow":["GET"]}}],"collection":[{"href":"https:\/\/www.cardcompany.at\/hallo\/wp-json\/wp\/v2\/pages"}],"about":[{"href":"https:\/\/www.cardcompany.at\/hallo\/wp-json\/wp\/v2\/types\/page"}],"author":[{"embeddable":true,"href":"https:\/\/www.cardcompany.at\/hallo\/wp-json\/wp\/v2\/users\/1"}],"replies":[{"embeddable":true,"href":"https:\/\/www.cardcompany.at\/hallo\/wp-json\/wp\/v2\/comments?post=21517"}],"version-history":[{"count":58,"href":"https:\/\/www.cardcompany.at\/hallo\/wp-json\/wp\/v2\/pages\/21517\/revisions"}],"predecessor-version":[{"id":24748,"href":"https:\/\/www.cardcompany.at\/hallo\/wp-json\/wp\/v2\/pages\/21517\/revisions\/24748"}],"wp:attachment":[{"href":"https:\/\/www.cardcompany.at\/hallo\/wp-json\/wp\/v2\/media?parent=21517"}],"curies":[{"name":"wp","href":"https:\/\/api.w.org\/{rel}","templated":true}]}}